{"id":5376,"date":"2022-07-21T10:12:37","date_gmt":"2022-07-21T10:12:37","guid":{"rendered":"https:\/\/schreiberei-muc.de\/?page_id=5376"},"modified":"2022-08-03T13:35:53","modified_gmt":"2022-08-03T13:35:53","slug":"marc-uebelherr","status":"publish","type":"page","link":"https:\/\/schreiberei-muc.de\/en\/marc-uebelherr","title":{"rendered":"Marc Uebelherr"},"content":{"rendered":"<div data-elementor-type=\"wp-page\" data-elementor-id=\"5376\" class=\"elementor elementor-5376\" data-elementor-post-type=\"page\">\n\t\t\t\t\t\t<section class=\"elementor-section elementor-top-section elementor-element elementor-element-d280304 elementor-section-full_width elementor-section-height-default elementor-section-height-default\" data-id=\"d280304\" data-element_type=\"section\" data-settings=\"{&quot;background_background&quot;:&quot;classic&quot;,&quot;_ha_eqh_enable&quot;:false}\">\n\t\t\t\t\t\t<div class=\"elementor-container elementor-column-gap-default\">\n\t\t\t\t\t<div class=\"elementor-column elementor-col-100 elementor-top-column elementor-element elementor-element-31a1e3d\" data-id=\"31a1e3d\" data-element_type=\"column\">\n\t\t\t<div class=\"elementor-widget-wrap elementor-element-populated\">\n\t\t\t\t\t\t<section class=\"elementor-section elementor-inner-section elementor-element elementor-element-95ccb4e elementor-section-full_width elementor-section-height-default elementor-section-height-default\" data-id=\"95ccb4e\" data-element_type=\"section\" data-settings=\"{&quot;_ha_eqh_enable&quot;:false}\">\n\t\t\t\t\t\t<div class=\"elementor-container elementor-column-gap-default\">\n\t\t\t\t\t<div class=\"elementor-column elementor-col-50 elementor-inner-column elementor-element elementor-element-428c75c\" data-id=\"428c75c\" data-element_type=\"column\">\n\t\t\t<div class=\"elementor-widget-wrap elementor-element-populated\">\n\t\t\t\t\t\t<div class=\"elementor-element elementor-element-de93a61 elementor-icon-list--layout-inline elementor-list-item-link-full_width elementor-widget elementor-widget-icon-list\" data-id=\"de93a61\" data-element_type=\"widget\" data-widget_type=\"icon-list.default\">\n\t\t\t\t<div class=\"elementor-widget-container\">\n\t\t\t\t\t<ul class=\"elementor-icon-list-items elementor-inline-items\">\n\t\t\t\t\t\t\t<li class=\"elementor-icon-list-item elementor-inline-item\">\n\t\t\t\t\t\t\t\t\t\t\t<a href=\"https:\/\/schreiberei-muc.de\/en\/team\/\">\n\n\t\t\t\t\t\t\t\t\t\t\t\t<span class=\"elementor-icon-list-icon\">\n\t\t\t\t\t\t\t<i aria-hidden=\"true\" class=\"fas fa-chevron-left\"><\/i>\t\t\t\t\t\t<\/span>\n\t\t\t\t\t\t\t\t\t\t<span class=\"elementor-icon-list-text\">zur\u00fcck<\/span>\n\t\t\t\t\t\t\t\t\t\t\t<\/a>\n\t\t\t\t\t\t\t\t\t<\/li>\n\t\t\t\t\t\t<\/ul>\n\t\t\t\t<\/div>\n\t\t\t\t<\/div>\n\t\t\t\t\t<\/div>\n\t\t<\/div>\n\t\t\t\t<div class=\"elementor-column elementor-col-50 elementor-inner-column elementor-element elementor-element-ff0decc\" data-id=\"ff0decc\" data-element_type=\"column\">\n\t\t\t<div class=\"elementor-widget-wrap\">\n\t\t\t\t\t\t\t<\/div>\n\t\t<\/div>\n\t\t\t\t\t<\/div>\n\t\t<\/section>\n\t\t\t\t\t<\/div>\n\t\t<\/div>\n\t\t\t\t\t<\/div>\n\t\t<\/section>\n\t\t\t\t<section class=\"elementor-section elementor-top-section elementor-element elementor-element-badfff6 elementor-section-boxed elementor-section-height-default elementor-section-height-default\" data-id=\"badfff6\" data-element_type=\"section\" data-settings=\"{&quot;background_background&quot;:&quot;classic&quot;,&quot;_ha_eqh_enable&quot;:false}\">\n\t\t\t\t\t\t<div class=\"elementor-container elementor-column-gap-default\">\n\t\t\t\t\t<div class=\"elementor-column elementor-col-100 elementor-top-column elementor-element elementor-element-d65a2dc\" data-id=\"d65a2dc\" data-element_type=\"column\">\n\t\t\t<div class=\"elementor-widget-wrap elementor-element-populated\">\n\t\t\t\t\t\t<div class=\"elementor-element elementor-element-519ef47 elementor-widget elementor-widget-image\" data-id=\"519ef47\" data-element_type=\"widget\" data-widget_type=\"image.default\">\n\t\t\t\t<div class=\"elementor-widget-container\">\n\t\t\t\t\t\t\t\t\t\t<figure class=\"wp-caption\">\n\t\t\t\t\t\t\t\t\t\t<img fetchpriority=\"high\" decoding=\"async\" width=\"450\" height=\"682\" src=\"https:\/\/schreiberei-muc.de\/wp-content\/uploads\/2022\/08\/6-1.png\" class=\"attachment-2048x2048 size-2048x2048 wp-image-6111\" alt=\"\" srcset=\"https:\/\/schreiberei-muc.de\/wp-content\/uploads\/2022\/08\/6-1.png 450w, https:\/\/schreiberei-muc.de\/wp-content\/uploads\/2022\/08\/6-1-198x300.png 198w, https:\/\/schreiberei-muc.de\/wp-content\/uploads\/2022\/08\/6-1-8x12.png 8w\" sizes=\"(max-width: 450px) 100vw, 450px\" \/>\t\t\t\t\t\t\t\t\t\t\t<figcaption class=\"widget-image-caption wp-caption-text\"><\/figcaption>\n\t\t\t\t\t\t\t\t\t\t<\/figure>\n\t\t\t\t\t\t\t<\/div>\n\t\t\t\t<\/div>\n\t\t\t\t<div class=\"elementor-element elementor-element-1266b92 elementor-widget elementor-widget-heading\" data-id=\"1266b92\" data-element_type=\"widget\" data-widget_type=\"heading.default\">\n\t\t\t\t<div class=\"elementor-widget-container\">\n\t\t\t<h2 class=\"elementor-heading-title elementor-size-default\">Marc Uebelherr \u200b<\/h2>\t\t<\/div>\n\t\t\t\t<\/div>\n\t\t\t\t<div class=\"elementor-element elementor-element-5869623 elementor-widget elementor-widget-heading\" data-id=\"5869623\" data-element_type=\"widget\" data-widget_type=\"heading.default\">\n\t\t\t\t<div class=\"elementor-widget-container\">\n\t\t\t<h3 class=\"elementor-heading-title elementor-size-default\">Gastgeber und Managing Director \u200b<\/h3>\t\t<\/div>\n\t\t\t\t<\/div>\n\t\t\t\t<div class=\"elementor-element elementor-element-25413cd elementor-widget elementor-widget-text-editor\" data-id=\"25413cd\" data-element_type=\"widget\" data-widget_type=\"text-editor.default\">\n\t\t\t\t<div class=\"elementor-widget-container\">\n\t\t\t\t\t\t\t<p class=\"p1\">Host and Managing Director\nMarc is owner, consultant and partner of a various restaurant concepts all over Munich.\nAfter more than 25 years of experience in hospitality \u2013 he gained an immense professional network \u2013 and he was part of developing and managing numerous different hospitality concepts.<\/p><p>Beside that, he is also volunteer president of the Leaders Club.<\/p>\t\t\t\t\t\t<\/div>\n\t\t\t\t<\/div>\n\t\t\t\t\t<\/div>\n\t\t<\/div>\n\t\t\t\t\t<\/div>\n\t\t<\/section>\n\t\t\t\t<\/div>","protected":false},"excerpt":{"rendered":"<p>zur\u00fcck Marc Uebelherr \u200b Gastgeber und Managing Director \u200b Als Inhaber, Berater und Partner verschiedener Restaurantkonzepte blickt er auf \u00fcber 26 Jahre Erfahrung in der Gastronomie zur\u00fcck. Neben der Entwicklung und Umsetzung zahlreicher erfolgreicher Gastro-Konzepte verf\u00fcgt der M\u00fcnchner \u00fcber ein gro\u00dfes, internationales Netzwerk. Des Weiteren ist Marc Uebelherr \u201cVorstand International\u201c des GastronomieNetzwerks \u201eLeaders Club\u201c.<\/p>","protected":false},"author":1,"featured_media":0,"parent":0,"menu_order":0,"comment_status":"closed","ping_status":"closed","template":"","meta":{"footnotes":""},"class_list":["post-5376","page","type-page","status-publish","hentry"],"_links":{"self":[{"href":"https:\/\/schreiberei-muc.de\/en\/wp-json\/wp\/v2\/pages\/5376","targetHints":{"allow":["GET"]}}],"collection":[{"href":"https:\/\/schreiberei-muc.de\/en\/wp-json\/wp\/v2\/pages"}],"about":[{"href":"https:\/\/schreiberei-muc.de\/en\/wp-json\/wp\/v2\/types\/page"}],"author":[{"embeddable":true,"href":"https:\/\/schreiberei-muc.de\/en\/wp-json\/wp\/v2\/users\/1"}],"replies":[{"embeddable":true,"href":"https:\/\/schreiberei-muc.de\/en\/wp-json\/wp\/v2\/comments?post=5376"}],"version-history":[{"count":19,"href":"https:\/\/schreiberei-muc.de\/en\/wp-json\/wp\/v2\/pages\/5376\/revisions"}],"predecessor-version":[{"id":6945,"href":"https:\/\/schreiberei-muc.de\/en\/wp-json\/wp\/v2\/pages\/5376\/revisions\/6945"}],"wp:attachment":[{"href":"https:\/\/schreiberei-muc.de\/en\/wp-json\/wp\/v2\/media?parent=5376"}],"curies":[{"name":"wp","href":"https:\/\/api.w.org\/{rel}","templated":true}]}}