{"id":5381,"date":"2022-07-21T10:13:39","date_gmt":"2022-07-21T10:13:39","guid":{"rendered":"https:\/\/schreiberei-muc.de\/?page_id=5381"},"modified":"2022-08-03T13:36:39","modified_gmt":"2022-08-03T13:36:39","slug":"tom-heeg","status":"publish","type":"page","link":"https:\/\/schreiberei-muc.de\/en\/tom-heeg","title":{"rendered":"Tom heeg"},"content":{"rendered":"<div data-elementor-type=\"wp-page\" data-elementor-id=\"5381\" class=\"elementor elementor-5381\" data-elementor-post-type=\"page\">\n\t\t\t\t\t\t<section class=\"elementor-section elementor-top-section elementor-element elementor-element-7d2f3a4 elementor-section-full_width elementor-section-height-default elementor-section-height-default\" data-id=\"7d2f3a4\" data-element_type=\"section\" data-settings=\"{&quot;background_background&quot;:&quot;classic&quot;,&quot;_ha_eqh_enable&quot;:false}\">\n\t\t\t\t\t\t<div class=\"elementor-container elementor-column-gap-default\">\n\t\t\t\t\t<div class=\"elementor-column elementor-col-100 elementor-top-column elementor-element elementor-element-bfb50d9\" data-id=\"bfb50d9\" data-element_type=\"column\">\n\t\t\t<div class=\"elementor-widget-wrap elementor-element-populated\">\n\t\t\t\t\t\t<section class=\"elementor-section elementor-inner-section elementor-element elementor-element-79dc417 elementor-section-full_width elementor-section-height-default elementor-section-height-default\" data-id=\"79dc417\" data-element_type=\"section\" data-settings=\"{&quot;_ha_eqh_enable&quot;:false}\">\n\t\t\t\t\t\t<div class=\"elementor-container elementor-column-gap-default\">\n\t\t\t\t\t<div class=\"elementor-column elementor-col-50 elementor-inner-column elementor-element elementor-element-580b473\" data-id=\"580b473\" data-element_type=\"column\">\n\t\t\t<div class=\"elementor-widget-wrap elementor-element-populated\">\n\t\t\t\t\t\t<div class=\"elementor-element elementor-element-6c3cec9 elementor-icon-list--layout-inline elementor-list-item-link-full_width elementor-widget elementor-widget-icon-list\" data-id=\"6c3cec9\" data-element_type=\"widget\" data-widget_type=\"icon-list.default\">\n\t\t\t\t<div class=\"elementor-widget-container\">\n\t\t\t\t\t<ul class=\"elementor-icon-list-items elementor-inline-items\">\n\t\t\t\t\t\t\t<li class=\"elementor-icon-list-item elementor-inline-item\">\n\t\t\t\t\t\t\t\t\t\t\t<a href=\"https:\/\/schreiberei-muc.de\/en\/team\/\">\n\n\t\t\t\t\t\t\t\t\t\t\t\t<span class=\"elementor-icon-list-icon\">\n\t\t\t\t\t\t\t<i aria-hidden=\"true\" class=\"fas fa-chevron-left\"><\/i>\t\t\t\t\t\t<\/span>\n\t\t\t\t\t\t\t\t\t\t<span class=\"elementor-icon-list-text\">zur\u00fcck<\/span>\n\t\t\t\t\t\t\t\t\t\t\t<\/a>\n\t\t\t\t\t\t\t\t\t<\/li>\n\t\t\t\t\t\t<\/ul>\n\t\t\t\t<\/div>\n\t\t\t\t<\/div>\n\t\t\t\t\t<\/div>\n\t\t<\/div>\n\t\t\t\t<div class=\"elementor-column elementor-col-50 elementor-inner-column elementor-element elementor-element-bfaf571\" data-id=\"bfaf571\" data-element_type=\"column\">\n\t\t\t<div class=\"elementor-widget-wrap\">\n\t\t\t\t\t\t\t<\/div>\n\t\t<\/div>\n\t\t\t\t\t<\/div>\n\t\t<\/section>\n\t\t\t\t\t<\/div>\n\t\t<\/div>\n\t\t\t\t\t<\/div>\n\t\t<\/section>\n\t\t\t\t<section class=\"elementor-section elementor-top-section elementor-element elementor-element-9347c10 elementor-section-boxed elementor-section-height-default elementor-section-height-default\" data-id=\"9347c10\" data-element_type=\"section\" data-settings=\"{&quot;background_background&quot;:&quot;classic&quot;,&quot;_ha_eqh_enable&quot;:false}\">\n\t\t\t\t\t\t<div class=\"elementor-container elementor-column-gap-default\">\n\t\t\t\t\t<div class=\"elementor-column elementor-col-100 elementor-top-column elementor-element elementor-element-a4d6774\" data-id=\"a4d6774\" data-element_type=\"column\">\n\t\t\t<div class=\"elementor-widget-wrap elementor-element-populated\">\n\t\t\t\t\t\t<div class=\"elementor-element elementor-element-bc8cc91 elementor-widget elementor-widget-image\" data-id=\"bc8cc91\" data-element_type=\"widget\" data-widget_type=\"image.default\">\n\t\t\t\t<div class=\"elementor-widget-container\">\n\t\t\t\t\t\t\t\t\t\t<figure class=\"wp-caption\">\n\t\t\t\t\t\t\t\t\t\t<img fetchpriority=\"high\" decoding=\"async\" width=\"450\" height=\"682\" src=\"https:\/\/schreiberei-muc.de\/wp-content\/uploads\/2022\/08\/1-1.png\" class=\"attachment-2048x2048 size-2048x2048 wp-image-6065\" alt=\"\" srcset=\"https:\/\/schreiberei-muc.de\/wp-content\/uploads\/2022\/08\/1-1.png 450w, https:\/\/schreiberei-muc.de\/wp-content\/uploads\/2022\/08\/1-1-198x300.png 198w, https:\/\/schreiberei-muc.de\/wp-content\/uploads\/2022\/08\/1-1-8x12.png 8w\" sizes=\"(max-width: 450px) 100vw, 450px\" \/>\t\t\t\t\t\t\t\t\t\t\t<figcaption class=\"widget-image-caption wp-caption-text\"><\/figcaption>\n\t\t\t\t\t\t\t\t\t\t<\/figure>\n\t\t\t\t\t\t\t<\/div>\n\t\t\t\t<\/div>\n\t\t\t\t<div class=\"elementor-element elementor-element-da5c238 elementor-widget elementor-widget-heading\" data-id=\"da5c238\" data-element_type=\"widget\" data-widget_type=\"heading.default\">\n\t\t\t\t<div class=\"elementor-widget-container\">\n\t\t\t<h2 class=\"elementor-heading-title elementor-size-default\">Tom Heeg\u200b<\/h2>\t\t<\/div>\n\t\t\t\t<\/div>\n\t\t\t\t<div class=\"elementor-element elementor-element-93251be elementor-widget elementor-widget-heading\" data-id=\"93251be\" data-element_type=\"widget\" data-widget_type=\"heading.default\">\n\t\t\t\t<div class=\"elementor-widget-container\">\n\t\t\t<h3 class=\"elementor-heading-title elementor-size-default\">K\u00fcchenchef<\/h3>\t\t<\/div>\n\t\t\t\t<\/div>\n\t\t\t\t<div class=\"elementor-element elementor-element-83a6919 elementor-widget elementor-widget-text-editor\" data-id=\"83a6919\" data-element_type=\"widget\" data-widget_type=\"text-editor.default\">\n\t\t\t\t<div class=\"elementor-widget-container\">\n\t\t\t\t\t\t\t<p>Er absolvierte seine Ausbildung in den Restaurants (u.a. \u201eTaku*\u201c) des Hotels \u201eExcelsior Hotel Ernst\u201c Restaurant. Danach arbeitete der geb\u00fcrtige K\u00f6lner im Restaurant \u201eHaerlin\u201c (2 Michelin Sterne **) im Hotel Vierjahreszeiten in Hamburg.<\/p><p>Der 25-J\u00e4hrige war zudem im M\u00fcnchner Restaurant Atelier ***, im Restaurant Ente * in Wiesbaden und zuletzt als K\u00fcchenchef in der Grapes Weinbar t\u00e4tig, bevor er nun die Stelle des K\u00fcchenchefs der Schreiberei angetreten ist.<\/p>\t\t\t\t\t\t<\/div>\n\t\t\t\t<\/div>\n\t\t\t\t\t<\/div>\n\t\t<\/div>\n\t\t\t\t\t<\/div>\n\t\t<\/section>\n\t\t\t\t<\/div>","protected":false},"excerpt":{"rendered":"<p>zur\u00fcck Tom Heeg\u200b K\u00fcchenchef Er absolvierte seine Ausbildung in den Restaurants (u.a. \u201eTaku*\u201c) des Hotels \u201eExcelsior Hotel Ernst\u201c Restaurant. Danach arbeitete der geb\u00fcrtige K\u00f6lner im Restaurant \u201eHaerlin\u201c (2 Michelin Sterne **) im Hotel Vierjahreszeiten in Hamburg. Der 25-J\u00e4hrige war zudem im M\u00fcnchner Restaurant Atelier ***, im Restaurant Ente * in Wiesbaden und zuletzt als K\u00fcchenchef [&hellip;]<\/p>\n","protected":false},"author":1,"featured_media":0,"parent":0,"menu_order":0,"comment_status":"closed","ping_status":"closed","template":"","meta":{"footnotes":""},"class_list":["post-5381","page","type-page","status-publish","hentry"],"_links":{"self":[{"href":"https:\/\/schreiberei-muc.de\/en\/wp-json\/wp\/v2\/pages\/5381","targetHints":{"allow":["GET"]}}],"collection":[{"href":"https:\/\/schreiberei-muc.de\/en\/wp-json\/wp\/v2\/pages"}],"about":[{"href":"https:\/\/schreiberei-muc.de\/en\/wp-json\/wp\/v2\/types\/page"}],"author":[{"embeddable":true,"href":"https:\/\/schreiberei-muc.de\/en\/wp-json\/wp\/v2\/users\/1"}],"replies":[{"embeddable":true,"href":"https:\/\/schreiberei-muc.de\/en\/wp-json\/wp\/v2\/comments?post=5381"}],"version-history":[{"count":25,"href":"https:\/\/schreiberei-muc.de\/en\/wp-json\/wp\/v2\/pages\/5381\/revisions"}],"predecessor-version":[{"id":6954,"href":"https:\/\/schreiberei-muc.de\/en\/wp-json\/wp\/v2\/pages\/5381\/revisions\/6954"}],"wp:attachment":[{"href":"https:\/\/schreiberei-muc.de\/en\/wp-json\/wp\/v2\/media?parent=5381"}],"curies":[{"name":"wp","href":"https:\/\/api.w.org\/{rel}","templated":true}]}}