{"id":5424,"date":"2022-07-21T12:00:24","date_gmt":"2022-07-21T12:00:24","guid":{"rendered":"https:\/\/schreiberei-muc.de\/?page_id=5424"},"modified":"2022-08-03T13:40:06","modified_gmt":"2022-08-03T13:40:06","slug":"david-lindner","status":"publish","type":"page","link":"https:\/\/schreiberei-muc.de\/en\/david-lindner","title":{"rendered":"David Lindner"},"content":{"rendered":"<div data-elementor-type=\"wp-page\" data-elementor-id=\"5424\" class=\"elementor elementor-5424\" data-elementor-post-type=\"page\">\n\t\t\t\t\t\t<section class=\"elementor-section elementor-top-section elementor-element elementor-element-8f1b1db elementor-section-full_width elementor-section-height-default elementor-section-height-default\" data-id=\"8f1b1db\" data-element_type=\"section\" data-settings=\"{&quot;background_background&quot;:&quot;classic&quot;,&quot;_ha_eqh_enable&quot;:false}\">\n\t\t\t\t\t\t<div class=\"elementor-container elementor-column-gap-default\">\n\t\t\t\t\t<div class=\"elementor-column elementor-col-100 elementor-top-column elementor-element elementor-element-6f09e1f\" data-id=\"6f09e1f\" data-element_type=\"column\">\n\t\t\t<div class=\"elementor-widget-wrap elementor-element-populated\">\n\t\t\t\t\t\t<section class=\"elementor-section elementor-inner-section elementor-element elementor-element-1147e9e elementor-section-full_width elementor-section-height-default elementor-section-height-default\" data-id=\"1147e9e\" data-element_type=\"section\" data-settings=\"{&quot;_ha_eqh_enable&quot;:false}\">\n\t\t\t\t\t\t<div class=\"elementor-container elementor-column-gap-default\">\n\t\t\t\t\t<div class=\"elementor-column elementor-col-50 elementor-inner-column elementor-element elementor-element-e9d3572\" data-id=\"e9d3572\" data-element_type=\"column\">\n\t\t\t<div class=\"elementor-widget-wrap elementor-element-populated\">\n\t\t\t\t\t\t<div class=\"elementor-element elementor-element-b770429 elementor-icon-list--layout-inline elementor-list-item-link-full_width elementor-widget elementor-widget-icon-list\" data-id=\"b770429\" data-element_type=\"widget\" data-widget_type=\"icon-list.default\">\n\t\t\t\t<div class=\"elementor-widget-container\">\n\t\t\t\t\t<ul class=\"elementor-icon-list-items elementor-inline-items\">\n\t\t\t\t\t\t\t<li class=\"elementor-icon-list-item elementor-inline-item\">\n\t\t\t\t\t\t\t\t\t\t\t<a href=\"https:\/\/schreiberei-muc.de\/en\/team\/\">\n\n\t\t\t\t\t\t\t\t\t\t\t\t<span class=\"elementor-icon-list-icon\">\n\t\t\t\t\t\t\t<i aria-hidden=\"true\" class=\"fas fa-chevron-left\"><\/i>\t\t\t\t\t\t<\/span>\n\t\t\t\t\t\t\t\t\t\t<span class=\"elementor-icon-list-text\">zur\u00fcck<\/span>\n\t\t\t\t\t\t\t\t\t\t\t<\/a>\n\t\t\t\t\t\t\t\t\t<\/li>\n\t\t\t\t\t\t<\/ul>\n\t\t\t\t<\/div>\n\t\t\t\t<\/div>\n\t\t\t\t\t<\/div>\n\t\t<\/div>\n\t\t\t\t<div class=\"elementor-column elementor-col-50 elementor-inner-column elementor-element elementor-element-9c6aa18\" data-id=\"9c6aa18\" data-element_type=\"column\">\n\t\t\t<div class=\"elementor-widget-wrap\">\n\t\t\t\t\t\t\t<\/div>\n\t\t<\/div>\n\t\t\t\t\t<\/div>\n\t\t<\/section>\n\t\t\t\t\t<\/div>\n\t\t<\/div>\n\t\t\t\t\t<\/div>\n\t\t<\/section>\n\t\t\t\t<section class=\"elementor-section elementor-top-section elementor-element elementor-element-122f658 elementor-section-boxed elementor-section-height-default elementor-section-height-default\" data-id=\"122f658\" data-element_type=\"section\" data-settings=\"{&quot;background_background&quot;:&quot;classic&quot;,&quot;_ha_eqh_enable&quot;:false}\">\n\t\t\t\t\t\t<div class=\"elementor-container elementor-column-gap-default\">\n\t\t\t\t\t<div class=\"elementor-column elementor-col-100 elementor-top-column elementor-element elementor-element-b5bcc14\" data-id=\"b5bcc14\" data-element_type=\"column\">\n\t\t\t<div class=\"elementor-widget-wrap elementor-element-populated\">\n\t\t\t\t\t\t<div class=\"elementor-element elementor-element-cab3dad elementor-widget elementor-widget-image\" data-id=\"cab3dad\" data-element_type=\"widget\" data-widget_type=\"image.default\">\n\t\t\t\t<div class=\"elementor-widget-container\">\n\t\t\t\t\t\t\t\t\t\t<figure class=\"wp-caption\">\n\t\t\t\t\t\t\t\t\t\t<img fetchpriority=\"high\" decoding=\"async\" width=\"450\" height=\"682\" src=\"https:\/\/schreiberei-muc.de\/wp-content\/uploads\/2022\/08\/4-1.png\" class=\"attachment-2048x2048 size-2048x2048 wp-image-6068\" alt=\"\" srcset=\"https:\/\/schreiberei-muc.de\/wp-content\/uploads\/2022\/08\/4-1.png 450w, https:\/\/schreiberei-muc.de\/wp-content\/uploads\/2022\/08\/4-1-198x300.png 198w, https:\/\/schreiberei-muc.de\/wp-content\/uploads\/2022\/08\/4-1-8x12.png 8w\" sizes=\"(max-width: 450px) 100vw, 450px\" \/>\t\t\t\t\t\t\t\t\t\t\t<figcaption class=\"widget-image-caption wp-caption-text\"><\/figcaption>\n\t\t\t\t\t\t\t\t\t\t<\/figure>\n\t\t\t\t\t\t\t<\/div>\n\t\t\t\t<\/div>\n\t\t\t\t<div class=\"elementor-element elementor-element-3b2eda8 elementor-widget elementor-widget-heading\" data-id=\"3b2eda8\" data-element_type=\"widget\" data-widget_type=\"heading.default\">\n\t\t\t\t<div class=\"elementor-widget-container\">\n\t\t\t<h2 class=\"elementor-heading-title elementor-size-default\">David Lindner\u200b<\/h2>\t\t<\/div>\n\t\t\t\t<\/div>\n\t\t\t\t<div class=\"elementor-element elementor-element-f00d940 elementor-widget elementor-widget-heading\" data-id=\"f00d940\" data-element_type=\"widget\" data-widget_type=\"heading.default\">\n\t\t\t\t<div class=\"elementor-widget-container\">\n\t\t\t<h3 class=\"elementor-heading-title elementor-size-default\">Barchef<\/h3>\t\t<\/div>\n\t\t\t\t<\/div>\n\t\t\t\t<div class=\"elementor-element elementor-element-df07c22 elementor-widget elementor-widget-text-editor\" data-id=\"df07c22\" data-element_type=\"widget\" data-widget_type=\"text-editor.default\">\n\t\t\t\t<div class=\"elementor-widget-container\">\n\t\t\t\t\t\t\t<p class=\"p1\">Der 42-j\u00e4hrige geb\u00fcrtige M\u00fcnchner mit franz\u00f6sischen Wurzeln blickt auf 22 Jahre Erfahrung in den Bereichen Restaurant, Bar, Club und Event zur\u00fcck. In den vergangenen zw\u00f6lf Jahren war der k\u00fcnftige Barchef der Schreiberei haupts\u00e4chlich in leitenden Positionen t\u00e4tig. Eine Auswahl seiner dabei pr\u00e4gendsten Stationen: Harpers &amp; Queens, Barysphare, Bar Harlander, das Heart und zuletzt der Salon Pitzelberger.<\/p><p>Beside that, he is also volunteer president of the Leaders Club.<\/p>\t\t\t\t\t\t<\/div>\n\t\t\t\t<\/div>\n\t\t\t\t\t<\/div>\n\t\t<\/div>\n\t\t\t\t\t<\/div>\n\t\t<\/section>\n\t\t\t\t<\/div>","protected":false},"excerpt":{"rendered":"<p>zur\u00fcck David Lindner\u200b Barchef Der 42-j\u00e4hrige geb\u00fcrtige M\u00fcnchner mit franz\u00f6sischen Wurzeln blickt auf 22 Jahre Erfahrung in den Bereichen Restaurant, Bar, Club und Event zur\u00fcck. In den vergangenen zw\u00f6lf Jahren war der k\u00fcnftige Barchef der Schreiberei haupts\u00e4chlich in leitenden Positionen t\u00e4tig. Eine Auswahl seiner dabei pr\u00e4gendsten Stationen: Harpers &amp; Queens, Barysphare, Bar Harlander, das Heart [&hellip;]<\/p>\n","protected":false},"author":1,"featured_media":0,"parent":0,"menu_order":0,"comment_status":"closed","ping_status":"closed","template":"","meta":{"footnotes":""},"class_list":["post-5424","page","type-page","status-publish","hentry"],"_links":{"self":[{"href":"https:\/\/schreiberei-muc.de\/en\/wp-json\/wp\/v2\/pages\/5424","targetHints":{"allow":["GET"]}}],"collection":[{"href":"https:\/\/schreiberei-muc.de\/en\/wp-json\/wp\/v2\/pages"}],"about":[{"href":"https:\/\/schreiberei-muc.de\/en\/wp-json\/wp\/v2\/types\/page"}],"author":[{"embeddable":true,"href":"https:\/\/schreiberei-muc.de\/en\/wp-json\/wp\/v2\/users\/1"}],"replies":[{"embeddable":true,"href":"https:\/\/schreiberei-muc.de\/en\/wp-json\/wp\/v2\/comments?post=5424"}],"version-history":[{"count":19,"href":"https:\/\/schreiberei-muc.de\/en\/wp-json\/wp\/v2\/pages\/5424\/revisions"}],"predecessor-version":[{"id":6957,"href":"https:\/\/schreiberei-muc.de\/en\/wp-json\/wp\/v2\/pages\/5424\/revisions\/6957"}],"wp:attachment":[{"href":"https:\/\/schreiberei-muc.de\/en\/wp-json\/wp\/v2\/media?parent=5424"}],"curies":[{"name":"wp","href":"https:\/\/api.w.org\/{rel}","templated":true}]}}